{"id":37,"date":"2024-04-10T01:34:08","date_gmt":"2024-04-10T01:34:08","guid":{"rendered":"https:\/\/immobilienbewertung-schoberth.de\/?page_id=37"},"modified":"2024-04-24T23:28:06","modified_gmt":"2024-04-24T23:28:06","slug":"qualifikationen","status":"publish","type":"page","link":"https:\/\/immobilienbewertung-schoberth.de\/?page_id=37","title":{"rendered":"Expertise"},"content":{"rendered":"\n<div style=\"margin-top:0;margin-bottom:0;height:30px\" aria-hidden=\"true\" class=\"wp-block-spacer\"><\/div>\n\n\n\n<h1 class=\"wp-block-heading has-text-align-center\"><strong>Expertise<\/strong><\/h1>\n\n\n\n<div style=\"height:25px\" aria-hidden=\"true\" class=\"wp-block-spacer\"><\/div>\n\n\n\n<p class=\"has-text-align-center\">Dank meiner fundierten Ausbildung und langj\u00e4hrigen Erfahrung k\u00f6nnen wir Ihnen einen kompetenten Service in der Immobilienbewertung bieten. <\/p>\n\n\n\n<p class=\"has-text-align-center\">Besonders durch kontinuierliche Weiterbildung halte ich mich stets auf dem neuesten Stand der Immobilienbewertung.<\/p>\n\n\n\n<div style=\"height:25px\" aria-hidden=\"true\" class=\"wp-block-spacer\"><\/div>\n\n\n\n<figure class=\"wp-block-table alignwide is-style-regular\" style=\"padding-top:0;padding-right:0;padding-bottom:0;padding-left:0;font-size:clamp(0.875rem, 0.875rem + ((1vw - 0.2rem) * 0.292), 1.05rem);\"><table class=\"has-border-color\" style=\"border-color:#ffffff5c\"><tbody><tr><td><strong>Zertifizierung als Sachverst\u00e4ndige nach <\/strong><br><strong>DIN EN ISO\/IEC 17024 bei der HypZert GmbH<\/strong><\/td><td><\/td><td><strong>Immobiliengutachterin HypZert F<\/strong><br><\/td><td><\/td><td><strong>Ausbildung zur Immobiliensachverst\u00e4ndigen im genossenschaftlichen Bankbereich<\/strong><\/td><\/tr><tr><td>Als zertifizierte Sachverst\u00e4ndige gem\u00e4\u00df den <br>strengen Richtlinien der DIN EN ISO\/IEC 17024 <br>durch die renommierte HypZert GmbH <br>garantiere ich h\u00f6chste Qualit\u00e4t und <br>Professionalit\u00e4t in der Immobilienbewertung. <br>Diese Zertifizierung stellt sicher, dass meine Gutachten den internationalen Standards entsprechen und von Banken, Finanzinstituten und anderen Interessengruppen anerkannt sind.<br><\/td><td><\/td><td>Mit meiner HypZert F Qualifikation als Immobiliengutachterin f\u00fcr finanzwirtschaftliche Zwecke stehe ich Ihnen als kompetente <br>Expertin zur Seite. <br><br><br><br><br><br><\/td><td><\/td><td>Durch meine Ausbildung zur Immobiliensachverst\u00e4ndigen im <br>genossenschaftlichen Bankbereich verf\u00fcge ich \u00fcber das entsprechende Know-how in der Immobilienbewertung und -finanzierung. <br>Meine Kenntnisse umfassen sowohl technische Aspekte als auch den betriebswirtschaftlichen Hintergrund, was mir erm\u00f6glicht, ganzheitliche Gutachten zu erstellen.<br><\/td><\/tr><tr><td><\/td><td><\/td><td><\/td><td><\/td><td><\/td><\/tr><tr><td><strong>Langj\u00e4hrige Gutachtert\u00e4tigkeit im Bankenbereich<\/strong><\/td><td><\/td><td><strong><strong>Langj\u00e4hrige Erfahrung in der Immobilienfinanzierung<\/strong><\/strong><\/td><td><\/td><td><strong>Betriebswirtin (VWA) <\/strong><br><strong>und Bankfachwirtin<\/strong><\/td><\/tr><tr><td>Mit meiner langj\u00e4hrigen Gutachtert\u00e4tigkeit im Bankenbereich habe ich umfassende <br>Erfahrungen gesammelt und bin vertraut mit <br>den spezifischen Anforderungen und Standards dieser Branche.<br><br><br><br> <\/td><td><\/td><td>Durch meine langj\u00e4hrige Erfahrung in der Immobilienfinanzierung verstehe ich die <br>komplexen Zusammenh\u00e4nge und Herausforderungen dieses Bereichs. Mein fundiertes Fachwissen und meine praktischen Erfahrungen erm\u00f6glichen es mir, pr\u00e4zise <br>Gutachten f\u00fcr Immobilienbewertungen zu erstellen.<br><\/td><td><\/td><td>Als Betriebswirtin (VWA) und Bankfachwirtin <br>vereine ich betriebswirtschaftliches <br>Know-how mit spezifischem Fachwissen aus der <br>Finanzbranche. Diese Kombination erm\u00f6glicht <br>es mir, Immobiliengutachten aus einer ganzheitlichen Perspektive zu erstellen.<\/td><\/tr><\/tbody><\/table><\/figure>\n\n\n\n<div style=\"height:20px\" aria-hidden=\"true\" class=\"wp-block-spacer\"><\/div>\n\n\n\n<figure class=\"wp-block-image size-full\"><a href=\"https:\/\/www.hypzert.de\/de\"><img loading=\"lazy\" decoding=\"async\" width=\"603\" height=\"284\" src=\"https:\/\/immobilienbewertung-schoberth.de\/wp-content\/uploads\/2024\/03\/logo_immobiliengutachterin-f-6.png\" alt=\"Das Logo der HypZert GmbH f\u00fcr finanzwirtschaftliche Immobiliengutachter. Das dient dem Nachweis der Kompetenz von Immobiliensachverst\u00e4ndigen in der Branche der Immobilienbewertung.\" class=\"wp-image-127\" srcset=\"https:\/\/immobilienbewertung-schoberth.de\/wp-content\/uploads\/2024\/03\/logo_immobiliengutachterin-f-6.png 603w, https:\/\/immobilienbewertung-schoberth.de\/wp-content\/uploads\/2024\/03\/logo_immobiliengutachterin-f-6-300x141.png 300w\" sizes=\"auto, (max-width: 603px) 100vw, 603px\" \/><\/a><\/figure>\n\n\n\n<div style=\"height:40px\" aria-hidden=\"true\" class=\"wp-block-spacer\"><\/div>\n\n\n\n<div class=\"wp-block-cover alignfull is-light\" style=\"margin-top:0;margin-bottom:0;padding-top:var(--wp--preset--spacing--20);padding-right:var(--wp--preset--spacing--40);padding-bottom:var(--wp--preset--spacing--20);padding-left:var(--wp--preset--spacing--40);min-height:570px;aspect-ratio:unset;\"><span aria-hidden=\"true\" class=\"wp-block-cover__background has-background-dim-80 has-background-dim\" style=\"background-color:#b8b8b8\"><\/span><img decoding=\"async\" class=\"wp-block-cover__image-background wp-image-34\" alt=\"F\u00fcr professionelle Immobilienbewertung und Gutachten steht Ihnen mein Fachwissen als erfahrene Immobiliensachverst\u00e4ndige zur Verf\u00fcgung. Kontaktieren Sie mich f\u00fcr kompetente Beratung und fundierte Gutachten im Landkreis Bayreuth und dem Landkreis Kulmbach in Franken.\" src=\"https:\/\/immobilienbewertung-schoberth.de\/wp-content\/uploads\/2024\/03\/pexels-pixabay-209695.jpg\" style=\"object-position:47% 88%\" data-object-fit=\"cover\" data-object-position=\"47% 88%\"\/><div class=\"wp-block-cover__inner-container has-global-padding is-layout-constrained wp-container-core-cover-is-layout-03798b93 wp-block-cover-is-layout-constrained\">\n<div style=\"height:var(--wp--preset--spacing--50)\" aria-hidden=\"true\" class=\"wp-block-spacer\"><\/div>\n\n\n\n<h2 class=\"wp-block-heading has-text-align-center has-theme-5-color has-text-color has-link-color wp-elements-a855e5d13d9484e203c2a19f499d46ec\" style=\"font-size:clamp(2.111rem, 2.111rem + ((1vw - 0.2rem) * 2.815), 3.8rem);\">Lassen Sie ihre <br>Immobilie bewerten!<\/h2>\n\n\n\n<div class=\"wp-block-group has-global-padding is-layout-constrained wp-block-group-is-layout-constrained\">\n<p class=\"has-text-align-center\" style=\"font-size:clamp(0.875rem, 0.875rem + ((1vw - 0.2rem) * 0.542), 1.2rem);\">Nutzen Sie meine Expertise und Erfahrung, um eine fundierte Immobilienbewertung zu erhalten.<\/p>\n\n\n\n<div class=\"wp-block-buttons is-content-justification-center is-layout-flex wp-container-core-buttons-is-layout-a89b3969 wp-block-buttons-is-layout-flex\">\n<div class=\"wp-block-button has-custom-font-size has-medium-font-size\"><a class=\"wp-block-button__link has-base-2-color has-contrast-background-color has-text-color has-background has-link-color wp-element-button\" href=\"https:\/\/immobilienbewertung-schoberth.de\/?page_id=58\">Kontakt aufnehmen<\/a><\/div>\n<\/div>\n<\/div>\n\n\n\n<div style=\"height:var(--wp--preset--spacing--50)\" aria-hidden=\"true\" class=\"wp-block-spacer\"><\/div>\n<\/div><\/div>\n","protected":false},"excerpt":{"rendered":"<p>Expertise Dank meiner fundierten Ausbildung und langj\u00e4hrigen Erfahrung k\u00f6nnen wir Ihnen einen kompetenten Service in der Immobilienbewertung bieten. Besonders durch kontinuierliche Weiterbildung halte ich mich stets auf dem neuesten Stand der Immobilienbewertung. Zertifizierung als Sachverst\u00e4ndige nach DIN EN ISO\/IEC 17024 bei der HypZert GmbH Immobiliengutachterin HypZert F Ausbildung zur Immobiliensachverst\u00e4ndigen im genossenschaftlichen Bankbereich Als zertifizierte [&hellip;]<\/p>\n","protected":false},"author":1,"featured_media":0,"parent":0,"menu_order":0,"comment_status":"closed","ping_status":"closed","template":"page-no-title","meta":{"footnotes":""},"class_list":["post-37","page","type-page","status-publish","hentry"],"yoast_head":"<!-- This site is optimized with the Yoast SEO plugin v27.5 - https:\/\/yoast.com\/product\/yoast-seo-wordpress\/ -->\n<title>Immobilienbewertung: Qualifikationen f\u00fcr fundierte Gutachten<\/title>\n<meta name=\"description\" content=\"Verlassen Sie sich auf meine Kompetenzen als erfahrene Sachverst\u00e4ndige f\u00fcr akurate Gutachten in der Immobilienbewertung, in Franken.\" \/>\n<meta name=\"robots\" content=\"index, follow, max-snippet:-1, max-image-preview:large, max-video-preview:-1\" \/>\n<link rel=\"canonical\" href=\"https:\/\/immobilienbewertung-schoberth.de\/?page_id=37\" \/>\n<meta property=\"og:locale\" content=\"de_DE\" \/>\n<meta property=\"og:type\" content=\"article\" \/>\n<meta property=\"og:title\" content=\"Immobilienbewertung: Qualifikationen f\u00fcr fundierte Gutachten\" \/>\n<meta property=\"og:description\" content=\"Verlassen Sie sich auf meine Kompetenzen als erfahrene Sachverst\u00e4ndige f\u00fcr akurate Gutachten in der Immobilienbewertung, in Franken.\" \/>\n<meta property=\"og:url\" content=\"https:\/\/immobilienbewertung-schoberth.de\/?page_id=37\" \/>\n<meta property=\"og:site_name\" content=\"Immobilienbewertung Sabine Schoberth\" \/>\n<meta property=\"article:modified_time\" content=\"2024-04-24T23:28:06+00:00\" \/>\n<meta property=\"og:image\" content=\"https:\/\/immobilienbewertung-schoberth.de\/wp-content\/uploads\/2024\/03\/logo_immobiliengutachterin-f-6.png\" \/>\n<script type=\"application\/ld+json\" class=\"yoast-schema-graph\">{\"@context\":\"https:\\\/\\\/schema.org\",\"@graph\":[{\"@type\":\"WebPage\",\"@id\":\"https:\\\/\\\/immobilienbewertung-schoberth.de\\\/?page_id=37\",\"url\":\"https:\\\/\\\/immobilienbewertung-schoberth.de\\\/?page_id=37\",\"name\":\"Immobilienbewertung: Qualifikationen f\u00fcr fundierte Gutachten\",\"isPartOf\":{\"@id\":\"https:\\\/\\\/immobilienbewertung-schoberth.de\\\/#website\"},\"primaryImageOfPage\":{\"@id\":\"https:\\\/\\\/immobilienbewertung-schoberth.de\\\/?page_id=37#primaryimage\"},\"image\":{\"@id\":\"https:\\\/\\\/immobilienbewertung-schoberth.de\\\/?page_id=37#primaryimage\"},\"thumbnailUrl\":\"https:\\\/\\\/immobilienbewertung-schoberth.de\\\/wp-content\\\/uploads\\\/2024\\\/03\\\/logo_immobiliengutachterin-f-6.png\",\"datePublished\":\"2024-04-10T01:34:08+00:00\",\"dateModified\":\"2024-04-24T23:28:06+00:00\",\"description\":\"Verlassen Sie sich auf meine Kompetenzen als erfahrene Sachverst\u00e4ndige f\u00fcr akurate Gutachten in der Immobilienbewertung, in Franken.\",\"breadcrumb\":{\"@id\":\"https:\\\/\\\/immobilienbewertung-schoberth.de\\\/?page_id=37#breadcrumb\"},\"inLanguage\":\"de\",\"potentialAction\":[{\"@type\":\"ReadAction\",\"target\":[\"https:\\\/\\\/immobilienbewertung-schoberth.de\\\/?page_id=37\"]}]},{\"@type\":\"ImageObject\",\"inLanguage\":\"de\",\"@id\":\"https:\\\/\\\/immobilienbewertung-schoberth.de\\\/?page_id=37#primaryimage\",\"url\":\"https:\\\/\\\/immobilienbewertung-schoberth.de\\\/wp-content\\\/uploads\\\/2024\\\/03\\\/logo_immobiliengutachterin-f-6.png\",\"contentUrl\":\"https:\\\/\\\/immobilienbewertung-schoberth.de\\\/wp-content\\\/uploads\\\/2024\\\/03\\\/logo_immobiliengutachterin-f-6.png\",\"width\":603,\"height\":284,\"caption\":\"Das Logo der HypZert zur Best\u00e4tigung der Qualifizierung als Immobiliengutachterin.\"},{\"@type\":\"BreadcrumbList\",\"@id\":\"https:\\\/\\\/immobilienbewertung-schoberth.de\\\/?page_id=37#breadcrumb\",\"itemListElement\":[{\"@type\":\"ListItem\",\"position\":1,\"name\":\"Startseite\",\"item\":\"https:\\\/\\\/immobilienbewertung-schoberth.de\\\/\"},{\"@type\":\"ListItem\",\"position\":2,\"name\":\"Expertise\"}]},{\"@type\":\"WebSite\",\"@id\":\"https:\\\/\\\/immobilienbewertung-schoberth.de\\\/#website\",\"url\":\"https:\\\/\\\/immobilienbewertung-schoberth.de\\\/\",\"name\":\"Immobilienbewertung Schoberth\",\"description\":\"Expertin f\u00fcr pr\u00e4zise Immobilienbewertung\",\"publisher\":{\"@id\":\"https:\\\/\\\/immobilienbewertung-schoberth.de\\\/#organization\"},\"potentialAction\":[{\"@type\":\"SearchAction\",\"target\":{\"@type\":\"EntryPoint\",\"urlTemplate\":\"https:\\\/\\\/immobilienbewertung-schoberth.de\\\/?s={search_term_string}\"},\"query-input\":{\"@type\":\"PropertyValueSpecification\",\"valueRequired\":true,\"valueName\":\"search_term_string\"}}],\"inLanguage\":\"de\"},{\"@type\":\"Organization\",\"@id\":\"https:\\\/\\\/immobilienbewertung-schoberth.de\\\/#organization\",\"name\":\"Immobilienbewertung Schoberth\",\"url\":\"https:\\\/\\\/immobilienbewertung-schoberth.de\\\/\",\"logo\":{\"@type\":\"ImageObject\",\"inLanguage\":\"de\",\"@id\":\"https:\\\/\\\/immobilienbewertung-schoberth.de\\\/#\\\/schema\\\/logo\\\/image\\\/\",\"url\":\"https:\\\/\\\/immobilienbewertung-schoberth.de\\\/wp-content\\\/uploads\\\/2024\\\/04\\\/swutzart46-1.jpg\",\"contentUrl\":\"https:\\\/\\\/immobilienbewertung-schoberth.de\\\/wp-content\\\/uploads\\\/2024\\\/04\\\/swutzart46-1.jpg\",\"width\":1024,\"height\":615,\"caption\":\"Immobilienbewertung Schoberth\"},\"image\":{\"@id\":\"https:\\\/\\\/immobilienbewertung-schoberth.de\\\/#\\\/schema\\\/logo\\\/image\\\/\"}}]}<\/script>\n<!-- \/ Yoast SEO plugin. -->","yoast_head_json":{"title":"Immobilienbewertung: Qualifikationen f\u00fcr fundierte Gutachten","description":"Verlassen Sie sich auf meine Kompetenzen als erfahrene Sachverst\u00e4ndige f\u00fcr akurate Gutachten in der Immobilienbewertung, in Franken.","robots":{"index":"index","follow":"follow","max-snippet":"max-snippet:-1","max-image-preview":"max-image-preview:large","max-video-preview":"max-video-preview:-1"},"canonical":"https:\/\/immobilienbewertung-schoberth.de\/?page_id=37","og_locale":"de_DE","og_type":"article","og_title":"Immobilienbewertung: Qualifikationen f\u00fcr fundierte Gutachten","og_description":"Verlassen Sie sich auf meine Kompetenzen als erfahrene Sachverst\u00e4ndige f\u00fcr akurate Gutachten in der Immobilienbewertung, in Franken.","og_url":"https:\/\/immobilienbewertung-schoberth.de\/?page_id=37","og_site_name":"Immobilienbewertung Sabine Schoberth","article_modified_time":"2024-04-24T23:28:06+00:00","og_image":[{"url":"https:\/\/immobilienbewertung-schoberth.de\/wp-content\/uploads\/2024\/03\/logo_immobiliengutachterin-f-6.png","type":"","width":"","height":""}],"schema":{"@context":"https:\/\/schema.org","@graph":[{"@type":"WebPage","@id":"https:\/\/immobilienbewertung-schoberth.de\/?page_id=37","url":"https:\/\/immobilienbewertung-schoberth.de\/?page_id=37","name":"Immobilienbewertung: Qualifikationen f\u00fcr fundierte Gutachten","isPartOf":{"@id":"https:\/\/immobilienbewertung-schoberth.de\/#website"},"primaryImageOfPage":{"@id":"https:\/\/immobilienbewertung-schoberth.de\/?page_id=37#primaryimage"},"image":{"@id":"https:\/\/immobilienbewertung-schoberth.de\/?page_id=37#primaryimage"},"thumbnailUrl":"https:\/\/immobilienbewertung-schoberth.de\/wp-content\/uploads\/2024\/03\/logo_immobiliengutachterin-f-6.png","datePublished":"2024-04-10T01:34:08+00:00","dateModified":"2024-04-24T23:28:06+00:00","description":"Verlassen Sie sich auf meine Kompetenzen als erfahrene Sachverst\u00e4ndige f\u00fcr akurate Gutachten in der Immobilienbewertung, in Franken.","breadcrumb":{"@id":"https:\/\/immobilienbewertung-schoberth.de\/?page_id=37#breadcrumb"},"inLanguage":"de","potentialAction":[{"@type":"ReadAction","target":["https:\/\/immobilienbewertung-schoberth.de\/?page_id=37"]}]},{"@type":"ImageObject","inLanguage":"de","@id":"https:\/\/immobilienbewertung-schoberth.de\/?page_id=37#primaryimage","url":"https:\/\/immobilienbewertung-schoberth.de\/wp-content\/uploads\/2024\/03\/logo_immobiliengutachterin-f-6.png","contentUrl":"https:\/\/immobilienbewertung-schoberth.de\/wp-content\/uploads\/2024\/03\/logo_immobiliengutachterin-f-6.png","width":603,"height":284,"caption":"Das Logo der HypZert zur Best\u00e4tigung der Qualifizierung als Immobiliengutachterin."},{"@type":"BreadcrumbList","@id":"https:\/\/immobilienbewertung-schoberth.de\/?page_id=37#breadcrumb","itemListElement":[{"@type":"ListItem","position":1,"name":"Startseite","item":"https:\/\/immobilienbewertung-schoberth.de\/"},{"@type":"ListItem","position":2,"name":"Expertise"}]},{"@type":"WebSite","@id":"https:\/\/immobilienbewertung-schoberth.de\/#website","url":"https:\/\/immobilienbewertung-schoberth.de\/","name":"Immobilienbewertung Schoberth","description":"Expertin f\u00fcr pr\u00e4zise Immobilienbewertung","publisher":{"@id":"https:\/\/immobilienbewertung-schoberth.de\/#organization"},"potentialAction":[{"@type":"SearchAction","target":{"@type":"EntryPoint","urlTemplate":"https:\/\/immobilienbewertung-schoberth.de\/?s={search_term_string}"},"query-input":{"@type":"PropertyValueSpecification","valueRequired":true,"valueName":"search_term_string"}}],"inLanguage":"de"},{"@type":"Organization","@id":"https:\/\/immobilienbewertung-schoberth.de\/#organization","name":"Immobilienbewertung Schoberth","url":"https:\/\/immobilienbewertung-schoberth.de\/","logo":{"@type":"ImageObject","inLanguage":"de","@id":"https:\/\/immobilienbewertung-schoberth.de\/#\/schema\/logo\/image\/","url":"https:\/\/immobilienbewertung-schoberth.de\/wp-content\/uploads\/2024\/04\/swutzart46-1.jpg","contentUrl":"https:\/\/immobilienbewertung-schoberth.de\/wp-content\/uploads\/2024\/04\/swutzart46-1.jpg","width":1024,"height":615,"caption":"Immobilienbewertung Schoberth"},"image":{"@id":"https:\/\/immobilienbewertung-schoberth.de\/#\/schema\/logo\/image\/"}}]}},"_links":{"self":[{"href":"https:\/\/immobilienbewertung-schoberth.de\/index.php?rest_route=\/wp\/v2\/pages\/37","targetHints":{"allow":["GET"]}}],"collection":[{"href":"https:\/\/immobilienbewertung-schoberth.de\/index.php?rest_route=\/wp\/v2\/pages"}],"about":[{"href":"https:\/\/immobilienbewertung-schoberth.de\/index.php?rest_route=\/wp\/v2\/types\/page"}],"author":[{"embeddable":true,"href":"https:\/\/immobilienbewertung-schoberth.de\/index.php?rest_route=\/wp\/v2\/users\/1"}],"replies":[{"embeddable":true,"href":"https:\/\/immobilienbewertung-schoberth.de\/index.php?rest_route=%2Fwp%2Fv2%2Fcomments&post=37"}],"version-history":[{"count":19,"href":"https:\/\/immobilienbewertung-schoberth.de\/index.php?rest_route=\/wp\/v2\/pages\/37\/revisions"}],"predecessor-version":[{"id":283,"href":"https:\/\/immobilienbewertung-schoberth.de\/index.php?rest_route=\/wp\/v2\/pages\/37\/revisions\/283"}],"wp:attachment":[{"href":"https:\/\/immobilienbewertung-schoberth.de\/index.php?rest_route=%2Fwp%2Fv2%2Fmedia&parent=37"}],"curies":[{"name":"wp","href":"https:\/\/api.w.org\/{rel}","templated":true}]}}