{"id":119,"date":"2024-03-26T01:06:35","date_gmt":"2024-03-26T00:06:35","guid":{"rendered":"https:\/\/ninataeuber2.wordpress.com\/?page_id=119"},"modified":"2024-04-13T14:57:15","modified_gmt":"2024-04-13T14:57:15","slug":"datenschutz","status":"publish","type":"page","link":"https:\/\/immobilienbewertung-schoberth.de\/?page_id=119","title":{"rendered":"Datenschutz"},"content":{"rendered":"\n<div class=\"wp-block-group alignfull has-global-padding is-content-justification-center is-layout-constrained wp-container-core-group-is-layout-df757ecc wp-block-group-is-layout-constrained\" style=\"margin-top:0;margin-bottom:0;padding-top:calc( 0.5 * var(--wp--style--root--padding-right, var(--wp--custom--gap--horizontal)));padding-right:var(--wp--style--root--padding-right, var(--wp--custom--gap--horizontal));padding-bottom:calc( 0.5 * var(--wp--style--root--padding-right, var(--wp--custom--gap--horizontal)));padding-left:var(--wp--style--root--padding-left, var(--wp--custom--gap--horizontal))\">\n<div style=\"height:25px\" aria-hidden=\"true\" class=\"wp-block-spacer\"><\/div>\n\n\n\n<div class=\"wp-block-columns alignwide is-layout-flex wp-container-core-columns-is-layout-7fc3d43a wp-block-columns-is-layout-flex\">\n<div class=\"wp-block-column is-layout-flow wp-block-column-is-layout-flow\">\n<h2 class=\"wp-block-heading\">Datenschutz<\/h2>\n\n\n\n<div style=\"height:10px\" aria-hidden=\"true\" class=\"wp-block-spacer\"><\/div>\n\n\n\n<p>Verantwortlicher im Sinne der Datenschutzgesetze, insbesondere der EU-Datenschutzgrundverordnung (DSGVO), ist:<\/p>\n\n\n\n<p>Sabine Schoberth<br>Immobilienbewerterin HypZert F<br>Betriebswirtin (VWA)<br>Ahornweg 3 \u2013 95499 Harsdorf<br>Telefon: 01 71 \/ 851 29 60<br>E-Mail: Immobilienbewertung-Schoberth@web.de<\/p>\n\n\n\n<h2 class=\"wp-block-heading has-medium-font-size\">Ihre Betroffenenrechte<\/h2>\n\n\n\n<p>Unter den angegebenen Kontaktdaten unseres Datenschutzbeauftragten k\u00f6nnen Sie jederzeit folgende Rechte aus\u00fcben:<\/p>\n\n\n\n<ul class=\"wp-block-list\">\n<li>Auskunft \u00fcber Ihre bei uns gespeicherten Daten und deren Verarbeitung (Art. 15 DSGVO),<\/li>\n\n\n\n<li>Berichtigung unrichtiger personenbezogener Daten (Art. 16 DSGVO),<\/li>\n\n\n\n<li>L\u00f6schung Ihrer bei uns gespeicherten Daten (Art. 17 DSGVO),<\/li>\n\n\n\n<li>Einschr\u00e4nkung der Datenverarbeitung, sofern wir Ihre Daten aufgrund gesetzlicher Pflichten noch nicht l\u00f6schen d\u00fcrfen (Art. 18 DSGVO),<\/li>\n\n\n\n<li>Widerspruch gegen die Verarbeitung Ihrer Daten bei uns (Art. 21 DSGVO) und<\/li>\n\n\n\n<li>Daten\u00fcbertragbarkeit, sofern Sie in die Datenverarbeitung eingewilligt haben oder einen Vertrag mit uns abgeschlossen haben (Art. 20 DSGVO).<\/li>\n<\/ul>\n\n\n\n<p>Sofern Sie uns eine Einwilligung erteilt haben, k\u00f6nnen Sie diese jederzeit mit Wirkung f\u00fcr die Zukunft widerrufen.<\/p>\n\n\n\n<p>Sie k\u00f6nnen sich jederzeit mit einer Beschwerde an eine Aufsichtsbeh\u00f6rde wenden, z. B. an die zust\u00e4ndige Aufsichtsbeh\u00f6rde des Bundeslands Ihres Wohnsitzes oder an die f\u00fcr uns als verantwortliche Stelle zust\u00e4ndige Beh\u00f6rde.<\/p>\n\n\n\n<p>Eine Liste der Aufsichtsbeh\u00f6rden (f\u00fcr den nicht\u00f6ffentlichen Bereich) mit Anschrift finden Sie unter:&nbsp;<a href=\"https:\/\/www.bfdi.bund.de\/DE\/Service\/Anschriften\/Laender\/Laender-node.html\" target=\"_blank\" rel=\"noreferrer noopener\">https:\/\/www.bfdi.bund.de\/DE\/Service\/Anschriften\/Laender\/Laender-node.html<\/a>.<\/p>\n\n\n\n<div style=\"height:10px\" aria-hidden=\"true\" class=\"wp-block-spacer\"><\/div>\n\n\n\n<h2 class=\"wp-block-heading has-medium-font-size\"><strong>Erfassung allgemeiner Informationen beim Besuch unserer Website<\/strong><\/h2>\n\n\n\n<h3 class=\"wp-block-heading has-medium-font-size\">Art und Zweck der Verarbeitung:<\/h3>\n\n\n\n<p>Wenn Sie auf unsere Website zugreifen, d.h., wenn Sie sich nicht registrieren oder anderweitig Informationen \u00fcbermitteln, werden automatisch Informationen allgemeiner Natur erfasst. Diese Informationen (Server-Logfiles) beinhalten etwa die Art des Webbrowsers, das verwendete Betriebssystem, den Domainnamen Ihres Internet-Service-Providers, Ihre IP-Adresse und \u00e4hnliches.<\/p>\n\n\n\n<p>Sie werden insbesondere zu folgenden Zwecken verarbeitet:<\/p>\n\n\n\n<ul class=\"wp-block-list\">\n<li>Sicherstellung eines problemlosen Verbindungsaufbaus der Website,<\/li>\n\n\n\n<li>Sicherstellung einer reibungslosen Nutzung unserer Website,<\/li>\n\n\n\n<li>Auswertung der Systemsicherheit und -stabilit\u00e4t sowie<\/li>\n\n\n\n<li>zur Optimierung unserer Website.<\/li>\n<\/ul>\n\n\n\n<p>Wir verwenden Ihre Daten nicht, um R\u00fcckschl\u00fcsse auf Ihre Person zu ziehen. Informationen dieser Art werden von uns ggfs. anonymisiert statistisch ausgewertet, um unseren Internetauftritt und die dahinterstehende Technik zu optimieren.<\/p>\n\n\n\n<h3 class=\"wp-block-heading has-medium-font-size\">Rechtsgrundlage und berechtigtes Interesse:<\/h3>\n\n\n\n<p>Die Verarbeitung erfolgt gem\u00e4\u00df Art. 6 Abs. 1 lit. f DSGVO auf Basis unseres berechtigten Interesses an der Verbesserung der Stabilit\u00e4t und Funktionalit\u00e4t unserer Website.<\/p>\n\n\n\n<h3 class=\"wp-block-heading has-medium-font-size\">Empf\u00e4nger:<\/h3>\n\n\n\n<p>Empf\u00e4nger der Daten sind ggf. technische Dienstleister, die f\u00fcr den Betrieb und die Wartung unserer Webseite als Auftragsverarbeiter t\u00e4tig werden.<\/p>\n\n\n\n<h3 class=\"wp-block-heading has-medium-font-size\">Drittlandtransfer:<\/h3>\n\n\n\n<p>Die erhobenen Daten werden ggfs. in folgende Drittl\u00e4nder \u00fcbertragen:<\/p>\n\n\n\n<p>Hafnarfj\u00f6r\u00f0ur, Island<\/p>\n\n\n\n<p>Folgende Datenschutzgarantien liegen vor:<\/p>\n\n\n\n<p>Angemessenheitsbeschluss EU-Kommission<\/p>\n\n\n\n<h3 class=\"wp-block-heading has-medium-font-size\">Speicherdauer:<\/h3>\n\n\n\n<p>Die Daten werden gel\u00f6scht, sobald diese f\u00fcr den Zweck der Erhebung nicht mehr erforderlich sind. Dies ist f\u00fcr die Daten, die der Bereitstellung der Website dienen, grunds\u00e4tzlich der Fall, wenn die jeweilige Sitzung beendet ist.<\/p>\n\n\n\n<h3 class=\"wp-block-heading has-medium-font-size\">Bereitstellung vorgeschrieben oder erforderlich:<\/h3>\n\n\n\n<p>Die Bereitstellung der vorgenannten personenbezogenen Daten ist weder gesetzlich noch vertraglich vorgeschrieben. Ohne die IP-Adresse ist jedoch der Dienst und die Funktionsf\u00e4higkeit unserer Website nicht gew\u00e4hrleistet. Zudem k\u00f6nnen einzelne Dienste und Services nicht verf\u00fcgbar oder eingeschr\u00e4nkt sein. Aus diesem Grund ist ein Widerspruch ausgeschlossen.<\/p>\n\n\n\n<h3 class=\"wp-block-heading has-medium-font-size\">Drittlandtransfer:<\/h3>\n\n\n\n<p>Die erhobenen Daten werden ggfs. in folgende Drittl\u00e4nder \u00fcbertragen:<\/p>\n\n\n\n<p>Hafnarfj\u00f6r\u00f0ur, Island<\/p>\n\n\n\n<p>Folgende Datenschutzgarantien liegen vor:<\/p>\n\n\n\n<p>Angemessenheitsbeschluss EU-Kommission<\/p>\n\n\n\n<h2 class=\"wp-block-heading has-medium-font-size\">Verwendung von Google Analytics<\/h2>\n\n\n\n<p>Soweit Sie ihre Einwilligung gegeben haben, wird auf dieser Website Google Analytics eingesetzt, ein Webanalysedienst der Google LLC, 1600 Amphitheatre Parkway, Mountain View, CA 94043 USA (nachfolgend: \u201eGoogle\u201c). Google Analytics verwendet sog. \u201eCookies\u201c, also Textdateien, die auf Ihrem Computer gespeichert werden und die eine Analyse der Benutzung der Webseite durch Sie erm\u00f6glichen. Die durch das Cookie erzeugten Informationen \u00fcber Ihre Benutzung dieser Webseite werden in der Regel an einen Server von Google in den USA \u00fcbertragen und dort gespeichert. Aufgrund der Aktivierung der IP-Anonymisierung auf diesen Webseiten, wird Ihre IP-Adresse von Google jedoch innerhalb von Mitgliedstaaten der Europ\u00e4ischen Union oder in anderen Vertragsstaaten des Abkommens \u00fcber den Europ\u00e4ischen Wirtschaftsraum zuvor gek\u00fcrzt. Nur in Ausnahmef\u00e4llen wird die volle IP-Adresse an einen Server von Google in den USA \u00fcbertragen und dort gek\u00fcrzt. Die im Rahmen von Google Analytics von Ihrem Browser \u00fcbermittelte IP-Adresse wird nicht mit anderen Daten von Google zusammengef\u00fchrt.<\/p>\n\n\n\n<p>N\u00e4here Informationen zu Nutzungsbedingungen und Datenschutz finden Sie unter&nbsp;<a href=\"https:\/\/www.google.com\/analytics\/terms\/de.html%20und%20unter%20https:\/\/policies.google.com\/?hl=de\" rel=\"noreferrer noopener\" target=\"_blank\">https:\/\/www.google.com\/analytics\/terms\/de.html und unter https:\/\/policies.google.com\/?hl=de<\/a>.<\/p>\n\n\n\n<p>Im Auftrag des Betreibers dieser Website wird Google diese Informationen benutzen, um Ihre Nutzung der Webseite auszuwerten, um Reports \u00fcber die Webseitenaktivit\u00e4ten zusammenzustellen und um weitere mit der Websitenutzung und der Internetnutzung verbundene Dienstleistungen gegen\u00fcber dem Webseitenbetreiber zu erbringen.<\/p>\n\n\n\n<p>Die von uns gesendeten und mit Cookies, Nutzerkennungen (z. B. User-ID) oder Werbe-IDs verkn\u00fcpften Daten werden nach 14 Monaten automatisch gel\u00f6scht. Die L\u00f6schung von Daten, deren Aufbewahrungsdauer erreicht ist, erfolgt automatisch einmal im Monat.<\/p>\n\n\n\n<h3 class=\"wp-block-heading has-medium-font-size\">Widerruf der Einwilligung:<\/h3>\n\n\n\n<p>Sie k\u00f6nnen das Tracking durch Google Analytics auf unserer Website unterbinden, indem Sie&nbsp;<a href=\"https:\/\/www.activemind.de\/datenschutz\/generatoren\/datenschutzerklaerung\/ergebnis\/#\">diesen Link anklicken<\/a>. Dabei wird ein Opt-out-Cookie auf Ihrem Ger\u00e4t installiert. Damit wird die Erfassung durch Google Analytics f\u00fcr diese Website und f\u00fcr diesen Browser zuk\u00fcnftig verhindert, solange das Cookie in Ihrem Browser installiert bleibt.<\/p>\n\n\n\n<p>Sie k\u00f6nnen dar\u00fcber hinaus die Speicherung der Cookies durch eine entsprechende Einstellung Ihrer Browser-Software verhindern; wir weisen Sie jedoch darauf hin, dass Sie in diesem Fall gegebenenfalls nicht s\u00e4mtliche Funktionen dieser Website vollumf\u00e4nglich werden nutzen k\u00f6nnen.<\/p>\n\n\n\n<p>Sie k\u00f6nnen dar\u00fcber hinaus die Erfassung der durch das Cookie erzeugten und auf Ihre Nutzung der Webseite bezogenen Daten (inkl. Ihrer IP-Adresse) an Google sowie die Verarbeitung dieser Daten durch Google verhindern, indem sie das unter dem folgenden Link verf\u00fcgbare Browser-Plugin herunterladen und installieren:&nbsp;<a href=\"http:\/\/tools.google.com\/dlpage\/gaoptout?hl=de\" rel=\"noreferrer noopener\" target=\"_blank\">Browser Add On zur Deaktivierung von Google Analytics<\/a>.<\/p>\n\n\n\n<h2 class=\"wp-block-heading has-medium-font-size\">SSL-Verschl\u00fcsselung<\/h2>\n\n\n\n<p>Um die Sicherheit Ihrer Daten bei der \u00dcbertragung zu sch\u00fctzen, verwenden wir dem aktuellen Stand der Technik entsprechende Verschl\u00fcsselungsverfahren (z. B. SSL) \u00fcber HTTPS.<\/p>\n\n\n\n<div style=\"height:10px\" aria-hidden=\"true\" class=\"wp-block-spacer\"><\/div>\n\n\n\n<h2 class=\"wp-block-heading has-medium-font-size\"><strong>Information \u00fcber Ihr Widerspruchsrecht nach Art. 21 DSGVO<\/strong><\/h2>\n\n\n\n<h3 class=\"wp-block-heading has-medium-font-size\">Einzelfallbezogenes Widerspruchsrecht<\/h3>\n\n\n\n<p>Sie haben das Recht, aus Gr\u00fcnden, die sich aus Ihrer besonderen Situation ergeben, jederzeit gegen die Verarbeitung Sie betreffender personenbezogener Daten, die aufgrund Art. 6 Abs. 1 lit. f DSGVO (Datenverarbeitung auf der Grundlage einer Interessenabw\u00e4gung) erfolgt, Widerspruch einzulegen; dies gilt auch f\u00fcr ein auf diese Bestimmung gest\u00fctztes Profiling im Sinne von Art. 4 Nr. 4 DSGVO.<\/p>\n\n\n\n<p>Legen Sie Widerspruch ein, werden wir Ihre personenbezogenen Daten nicht mehr verarbeiten, es sei denn, wir k\u00f6nnen zwingende schutzw\u00fcrdige Gr\u00fcnde f\u00fcr die Verarbeitung nachweisen, die Ihre Interessen, Rechte und Freiheiten \u00fcberwiegen, oder die Verarbeitung dient der Geltendmachung, Aus\u00fcbung oder Verteidigung von Rechtsanspr\u00fcchen.<\/p>\n\n\n\n<h3 class=\"wp-block-heading has-medium-font-size\">Empf\u00e4nger eines Widerspruchs<\/h3>\n\n\n\n<p>Sabine Schoberth<br>Ahornweg 3 \u2013 95499 Harsdorf<br>Telefon: 01 71 \/ 851 29 60<br>E-Mail: Immobilienbewertung-Schoberth@web.de<\/p>\n\n\n\n<div style=\"height:10px\" aria-hidden=\"true\" class=\"wp-block-spacer\"><\/div>\n\n\n\n<h2 class=\"wp-block-heading has-medium-font-size\"><strong>\u00c4nderung unserer Datenschutzbestimmungen<\/strong><\/h2>\n\n\n\n<p>Wir behalten uns vor, diese Datenschutzerkl\u00e4rung anzupassen, damit sie stets den aktuellen rechtlichen Anforderungen entspricht oder um \u00c4nderungen unserer Leistungen in der Datenschutzerkl\u00e4rung umzusetzen, z.B. bei der Einf\u00fchrung neuer Services. F\u00fcr Ihren erneuten Besuch gilt dann die neue Datenschutzerkl\u00e4rung.<\/p>\n\n\n\n<h2 class=\"wp-block-heading has-medium-font-size\">Fragen an den Datenschutzbeauftragten<\/h2>\n\n\n\n<p>Wenn Sie Fragen zum Datenschutz haben, schreiben Sie uns bitte eine E-Mail oder wenden Sie sich direkt an die f\u00fcr den Datenschutz verantwortliche Person in unserer Organisation:<\/p>\n\n\n\n<p>Sabine Schoberth<br>Ahornweg 3 \u2013 95499 Harsdorf<br>Telefon: 01 71 \/ 851 29 60<br>E-Mail: Immobilienbewertung-Schoberth@web.de<\/p>\n\n\n\n<p><em>Die Datenschutzerkl\u00e4rung wurde mithilfe der activeMind AG erstellt, den Experten f\u00fcr&nbsp;<a href=\"https:\/\/www.activemind.de\/datenschutz\/datenschutzbeauftragter\/\" target=\"_blank\" rel=\"noreferrer noopener\">externe Datenschutzbeauftragte<\/a>&nbsp;(Version #2020-09-30).<\/em><\/p>\n<\/div>\n\n\n\n<div class=\"wp-block-column is-layout-flow wp-block-column-is-layout-flow\" style=\"flex-basis:10%\"><\/div>\n<\/div>\n\n\n\n<div style=\"height:var(--wp--preset--spacing--20)\" aria-hidden=\"true\" class=\"wp-block-spacer\"><\/div>\n<\/div>\n","protected":false},"excerpt":{"rendered":"<p>Datenschutz Verantwortlicher im Sinne der Datenschutzgesetze, insbesondere der EU-Datenschutzgrundverordnung (DSGVO), ist: Sabine SchoberthImmobilienbewerterin HypZert FBetriebswirtin (VWA)Ahornweg 3 \u2013 95499 HarsdorfTelefon: 01 71 \/ 851 29 60E-Mail: Immobilienbewertung-Schoberth@web.de Ihre Betroffenenrechte Unter den angegebenen Kontaktdaten unseres Datenschutzbeauftragten k\u00f6nnen Sie jederzeit folgende Rechte aus\u00fcben: Sofern Sie uns eine Einwilligung erteilt haben, k\u00f6nnen Sie diese jederzeit mit Wirkung f\u00fcr [&hellip;]<\/p>\n","protected":false},"author":1,"featured_media":0,"parent":0,"menu_order":0,"comment_status":"closed","ping_status":"closed","template":"page-no-title","meta":{"footnotes":""},"class_list":["post-119","page","type-page","status-publish","hentry"],"yoast_head":"<!-- This site is optimized with the Yoast SEO plugin v27.5 - https:\/\/yoast.com\/product\/yoast-seo-wordpress\/ -->\n<title>Datenschutz - Immobilienbewertung Sabine Schoberth<\/title>\n<meta name=\"robots\" content=\"index, follow, max-snippet:-1, max-image-preview:large, max-video-preview:-1\" \/>\n<link rel=\"canonical\" href=\"https:\/\/immobilienbewertung-schoberth.de\/?page_id=119\" \/>\n<meta property=\"og:locale\" content=\"de_DE\" \/>\n<meta property=\"og:type\" content=\"article\" \/>\n<meta property=\"og:title\" content=\"Datenschutz - Immobilienbewertung Sabine Schoberth\" \/>\n<meta property=\"og:description\" content=\"Datenschutz Verantwortlicher im Sinne der Datenschutzgesetze, insbesondere der EU-Datenschutzgrundverordnung (DSGVO), ist: Sabine SchoberthImmobilienbewerterin HypZert FBetriebswirtin (VWA)Ahornweg 3 \u2013 95499 HarsdorfTelefon: 01 71 \/ 851 29 60E-Mail: Immobilienbewertung-Schoberth@web.de Ihre Betroffenenrechte Unter den angegebenen Kontaktdaten unseres Datenschutzbeauftragten k\u00f6nnen Sie jederzeit folgende Rechte aus\u00fcben: Sofern Sie uns eine Einwilligung erteilt haben, k\u00f6nnen Sie diese jederzeit mit Wirkung f\u00fcr [&hellip;]\" \/>\n<meta property=\"og:url\" content=\"https:\/\/immobilienbewertung-schoberth.de\/?page_id=119\" \/>\n<meta property=\"og:site_name\" content=\"Immobilienbewertung Sabine Schoberth\" \/>\n<meta property=\"article:modified_time\" content=\"2024-04-13T14:57:15+00:00\" \/>\n<script type=\"application\/ld+json\" class=\"yoast-schema-graph\">{\"@context\":\"https:\\\/\\\/schema.org\",\"@graph\":[{\"@type\":\"WebPage\",\"@id\":\"https:\\\/\\\/immobilienbewertung-schoberth.de\\\/?page_id=119\",\"url\":\"https:\\\/\\\/immobilienbewertung-schoberth.de\\\/?page_id=119\",\"name\":\"Datenschutz - Immobilienbewertung Sabine Schoberth\",\"isPartOf\":{\"@id\":\"https:\\\/\\\/immobilienbewertung-schoberth.de\\\/#website\"},\"datePublished\":\"2024-03-26T00:06:35+00:00\",\"dateModified\":\"2024-04-13T14:57:15+00:00\",\"breadcrumb\":{\"@id\":\"https:\\\/\\\/immobilienbewertung-schoberth.de\\\/?page_id=119#breadcrumb\"},\"inLanguage\":\"de\",\"potentialAction\":[{\"@type\":\"ReadAction\",\"target\":[\"https:\\\/\\\/immobilienbewertung-schoberth.de\\\/?page_id=119\"]}]},{\"@type\":\"BreadcrumbList\",\"@id\":\"https:\\\/\\\/immobilienbewertung-schoberth.de\\\/?page_id=119#breadcrumb\",\"itemListElement\":[{\"@type\":\"ListItem\",\"position\":1,\"name\":\"Startseite\",\"item\":\"https:\\\/\\\/immobilienbewertung-schoberth.de\\\/\"},{\"@type\":\"ListItem\",\"position\":2,\"name\":\"Datenschutz\"}]},{\"@type\":\"WebSite\",\"@id\":\"https:\\\/\\\/immobilienbewertung-schoberth.de\\\/#website\",\"url\":\"https:\\\/\\\/immobilienbewertung-schoberth.de\\\/\",\"name\":\"Immobilienbewertung Schoberth\",\"description\":\"Expertin f\u00fcr pr\u00e4zise Immobilienbewertung\",\"publisher\":{\"@id\":\"https:\\\/\\\/immobilienbewertung-schoberth.de\\\/#organization\"},\"potentialAction\":[{\"@type\":\"SearchAction\",\"target\":{\"@type\":\"EntryPoint\",\"urlTemplate\":\"https:\\\/\\\/immobilienbewertung-schoberth.de\\\/?s={search_term_string}\"},\"query-input\":{\"@type\":\"PropertyValueSpecification\",\"valueRequired\":true,\"valueName\":\"search_term_string\"}}],\"inLanguage\":\"de\"},{\"@type\":\"Organization\",\"@id\":\"https:\\\/\\\/immobilienbewertung-schoberth.de\\\/#organization\",\"name\":\"Immobilienbewertung Schoberth\",\"url\":\"https:\\\/\\\/immobilienbewertung-schoberth.de\\\/\",\"logo\":{\"@type\":\"ImageObject\",\"inLanguage\":\"de\",\"@id\":\"https:\\\/\\\/immobilienbewertung-schoberth.de\\\/#\\\/schema\\\/logo\\\/image\\\/\",\"url\":\"https:\\\/\\\/immobilienbewertung-schoberth.de\\\/wp-content\\\/uploads\\\/2024\\\/04\\\/swutzart46-1.jpg\",\"contentUrl\":\"https:\\\/\\\/immobilienbewertung-schoberth.de\\\/wp-content\\\/uploads\\\/2024\\\/04\\\/swutzart46-1.jpg\",\"width\":1024,\"height\":615,\"caption\":\"Immobilienbewertung Schoberth\"},\"image\":{\"@id\":\"https:\\\/\\\/immobilienbewertung-schoberth.de\\\/#\\\/schema\\\/logo\\\/image\\\/\"}}]}<\/script>\n<!-- \/ Yoast SEO plugin. -->","yoast_head_json":{"title":"Datenschutz - Immobilienbewertung Sabine Schoberth","robots":{"index":"index","follow":"follow","max-snippet":"max-snippet:-1","max-image-preview":"max-image-preview:large","max-video-preview":"max-video-preview:-1"},"canonical":"https:\/\/immobilienbewertung-schoberth.de\/?page_id=119","og_locale":"de_DE","og_type":"article","og_title":"Datenschutz - Immobilienbewertung Sabine Schoberth","og_description":"Datenschutz Verantwortlicher im Sinne der Datenschutzgesetze, insbesondere der EU-Datenschutzgrundverordnung (DSGVO), ist: Sabine SchoberthImmobilienbewerterin HypZert FBetriebswirtin (VWA)Ahornweg 3 \u2013 95499 HarsdorfTelefon: 01 71 \/ 851 29 60E-Mail: Immobilienbewertung-Schoberth@web.de Ihre Betroffenenrechte Unter den angegebenen Kontaktdaten unseres Datenschutzbeauftragten k\u00f6nnen Sie jederzeit folgende Rechte aus\u00fcben: Sofern Sie uns eine Einwilligung erteilt haben, k\u00f6nnen Sie diese jederzeit mit Wirkung f\u00fcr [&hellip;]","og_url":"https:\/\/immobilienbewertung-schoberth.de\/?page_id=119","og_site_name":"Immobilienbewertung Sabine Schoberth","article_modified_time":"2024-04-13T14:57:15+00:00","schema":{"@context":"https:\/\/schema.org","@graph":[{"@type":"WebPage","@id":"https:\/\/immobilienbewertung-schoberth.de\/?page_id=119","url":"https:\/\/immobilienbewertung-schoberth.de\/?page_id=119","name":"Datenschutz - Immobilienbewertung Sabine Schoberth","isPartOf":{"@id":"https:\/\/immobilienbewertung-schoberth.de\/#website"},"datePublished":"2024-03-26T00:06:35+00:00","dateModified":"2024-04-13T14:57:15+00:00","breadcrumb":{"@id":"https:\/\/immobilienbewertung-schoberth.de\/?page_id=119#breadcrumb"},"inLanguage":"de","potentialAction":[{"@type":"ReadAction","target":["https:\/\/immobilienbewertung-schoberth.de\/?page_id=119"]}]},{"@type":"BreadcrumbList","@id":"https:\/\/immobilienbewertung-schoberth.de\/?page_id=119#breadcrumb","itemListElement":[{"@type":"ListItem","position":1,"name":"Startseite","item":"https:\/\/immobilienbewertung-schoberth.de\/"},{"@type":"ListItem","position":2,"name":"Datenschutz"}]},{"@type":"WebSite","@id":"https:\/\/immobilienbewertung-schoberth.de\/#website","url":"https:\/\/immobilienbewertung-schoberth.de\/","name":"Immobilienbewertung Schoberth","description":"Expertin f\u00fcr pr\u00e4zise Immobilienbewertung","publisher":{"@id":"https:\/\/immobilienbewertung-schoberth.de\/#organization"},"potentialAction":[{"@type":"SearchAction","target":{"@type":"EntryPoint","urlTemplate":"https:\/\/immobilienbewertung-schoberth.de\/?s={search_term_string}"},"query-input":{"@type":"PropertyValueSpecification","valueRequired":true,"valueName":"search_term_string"}}],"inLanguage":"de"},{"@type":"Organization","@id":"https:\/\/immobilienbewertung-schoberth.de\/#organization","name":"Immobilienbewertung Schoberth","url":"https:\/\/immobilienbewertung-schoberth.de\/","logo":{"@type":"ImageObject","inLanguage":"de","@id":"https:\/\/immobilienbewertung-schoberth.de\/#\/schema\/logo\/image\/","url":"https:\/\/immobilienbewertung-schoberth.de\/wp-content\/uploads\/2024\/04\/swutzart46-1.jpg","contentUrl":"https:\/\/immobilienbewertung-schoberth.de\/wp-content\/uploads\/2024\/04\/swutzart46-1.jpg","width":1024,"height":615,"caption":"Immobilienbewertung Schoberth"},"image":{"@id":"https:\/\/immobilienbewertung-schoberth.de\/#\/schema\/logo\/image\/"}}]}},"_links":{"self":[{"href":"https:\/\/immobilienbewertung-schoberth.de\/index.php?rest_route=\/wp\/v2\/pages\/119","targetHints":{"allow":["GET"]}}],"collection":[{"href":"https:\/\/immobilienbewertung-schoberth.de\/index.php?rest_route=\/wp\/v2\/pages"}],"about":[{"href":"https:\/\/immobilienbewertung-schoberth.de\/index.php?rest_route=\/wp\/v2\/types\/page"}],"author":[{"embeddable":true,"href":"https:\/\/immobilienbewertung-schoberth.de\/index.php?rest_route=\/wp\/v2\/users\/1"}],"replies":[{"embeddable":true,"href":"https:\/\/immobilienbewertung-schoberth.de\/index.php?rest_route=%2Fwp%2Fv2%2Fcomments&post=119"}],"version-history":[{"count":1,"href":"https:\/\/immobilienbewertung-schoberth.de\/index.php?rest_route=\/wp\/v2\/pages\/119\/revisions"}],"predecessor-version":[{"id":139,"href":"https:\/\/immobilienbewertung-schoberth.de\/index.php?rest_route=\/wp\/v2\/pages\/119\/revisions\/139"}],"wp:attachment":[{"href":"https:\/\/immobilienbewertung-schoberth.de\/index.php?rest_route=%2Fwp%2Fv2%2Fmedia&parent=119"}],"curies":[{"name":"wp","href":"https:\/\/api.w.org\/{rel}","templated":true}]}}